{"id":2277,"date":"2024-10-19T08:49:02","date_gmt":"2024-10-19T08:49:02","guid":{"rendered":"https:\/\/www.villa-panorama-skopelos.com\/?page_id=2277"},"modified":"2025-10-26T08:23:29","modified_gmt":"2025-10-26T08:23:29","slug":"elementor-2277","status":"publish","type":"page","link":"https:\/\/www.villa-panorama-skopelos.com\/de\/elementor-2277\/","title":{"rendered":"G\u00e4stebuch-Archiv"},"content":{"rendered":"<div data-elementor-type=\"wp-page\" data-elementor-id=\"2277\" class=\"elementor elementor-2277\" data-elementor-post-type=\"page\">\n\t\t\t\t\t\t<section class=\"elementor-section elementor-top-section elementor-element elementor-element-e246a79 elementor-section-boxed elementor-section-height-default elementor-section-height-default\" data-id=\"e246a79\" data-element_type=\"section\" data-e-type=\"section\" data-settings=\"{&quot;jet_parallax_layout_list&quot;:[]}\">\n\t\t\t\t\t\t<div class=\"elementor-container elementor-column-gap-default\">\n\t\t\t\t\t<div class=\"elementor-column elementor-col-100 elementor-top-column elementor-element elementor-element-7c90234\" data-id=\"7c90234\" data-element_type=\"column\" data-e-type=\"column\">\n\t\t\t<div class=\"elementor-widget-wrap elementor-element-populated\">\n\t\t\t\t\t\t<div class=\"elementor-element elementor-element-7b4b017 elementor-widget elementor-widget-heading\" data-id=\"7b4b017\" data-element_type=\"widget\" data-e-type=\"widget\" data-widget_type=\"heading.default\">\n\t\t\t\t<div class=\"elementor-widget-container\">\n\t\t\t\t\t<h2 class=\"elementor-heading-title elementor-size-default\">G\u00e4stebuch-Archiv<\/h2>\t\t\t\t<\/div>\n\t\t\t\t<\/div>\n\t\t\t\t\t<\/div>\n\t\t<\/div>\n\t\t\t\t\t<\/div>\n\t\t<\/section>\n\t\t\t\t<section class=\"elementor-section elementor-top-section elementor-element elementor-element-19e70f9 elementor-section-boxed elementor-section-height-default elementor-section-height-default\" data-id=\"19e70f9\" data-element_type=\"section\" data-e-type=\"section\" data-settings=\"{&quot;jet_parallax_layout_list&quot;:[]}\">\n\t\t\t\t\t\t<div class=\"elementor-container elementor-column-gap-default\">\n\t\t\t\t\t<div class=\"elementor-column elementor-col-100 elementor-top-column elementor-element elementor-element-7607c93\" data-id=\"7607c93\" data-element_type=\"column\" data-e-type=\"column\">\n\t\t\t<div class=\"elementor-widget-wrap elementor-element-populated\">\n\t\t\t\t\t\t<section class=\"elementor-section elementor-inner-section elementor-element elementor-element-56d1767 elementor-section-boxed elementor-section-height-default elementor-section-height-default\" data-id=\"56d1767\" data-element_type=\"section\" data-e-type=\"section\" data-settings=\"{&quot;jet_parallax_layout_list&quot;:[]}\">\n\t\t\t\t\t\t<div class=\"elementor-container elementor-column-gap-default\">\n\t\t\t\t\t<div class=\"elementor-column elementor-col-33 elementor-inner-column elementor-element elementor-element-aabfc9c\" data-id=\"aabfc9c\" data-element_type=\"column\" data-e-type=\"column\">\n\t\t\t<div class=\"elementor-widget-wrap elementor-element-populated\">\n\t\t\t\t\t\t<div class=\"elementor-element elementor-element-c7c5b14 elementor-widget elementor-widget-text-editor\" data-id=\"c7c5b14\" data-element_type=\"widget\" data-e-type=\"widget\" data-widget_type=\"text-editor.default\">\n\t\t\t\t<div class=\"elementor-widget-container\">\n\t\t\t\t\t\t\t\t\t<h5><em>Sch\u00f6ne Erfahrung!!<\/em><\/h5><p>Villa Panorama hat die sch\u00f6nsten Momente geschenkt, die wir mit uns hatten, und noch nie zuvor gesehen!<\/p><p>Sch\u00f6ne Erfahrung!!<\/p><p>Irene und Edoardo<br \/>Italien<br \/>Juli 2024<\/p>\t\t\t\t\t\t\t\t<\/div>\n\t\t\t\t<\/div>\n\t\t\t\t\t<\/div>\n\t\t<\/div>\n\t\t\t\t<div class=\"elementor-column elementor-col-33 elementor-inner-column elementor-element elementor-element-0d9786b\" data-id=\"0d9786b\" data-element_type=\"column\" data-e-type=\"column\">\n\t\t\t<div class=\"elementor-widget-wrap elementor-element-populated\">\n\t\t\t\t\t\t<div class=\"elementor-element elementor-element-7f1de49 elementor-widget elementor-widget-text-editor\" data-id=\"7f1de49\" data-element_type=\"widget\" data-e-type=\"widget\" data-widget_type=\"text-editor.default\">\n\t\t\t\t<div class=\"elementor-widget-container\">\n\t\t\t\t\t\t\t\t\t<h5><em>Sch\u00f6ne Feiertage<\/em><\/h5><p>Wir haben einen wundersch\u00f6nen Urlaub in dieser wundersch\u00f6nen Villa verbracht. Vielen Dank, dass Sie uns erlaubt haben, zu bleiben. Die Aussicht ist einfach unglaublich und der Pool hat uns alle unterhalten und k\u00fchl gehalten.<\/p><p>Der Spaziergang von unserer Haust\u00fcr zur Kirche Agios Ionnis (Mamma Mia) war hei\u00df, aber es hat sich gelohnt.<\/p><p>Wir empfehlen dringend eine Kajakfahrt vom Milia-Strand aus sowie einen Tagesausflug auf einem Motorboot.<\/p><p>Hier gibt es so viel zu unternehmen, wir h\u00e4tten auf jeden Fall l\u00e4nger bleiben k\u00f6nnen.<\/p><p>Vielen Dank,<\/p><p>Caroline<br \/>Vereinigtes K\u00f6nigreich<br \/>August 2023<\/p>\t\t\t\t\t\t\t\t<\/div>\n\t\t\t\t<\/div>\n\t\t\t\t\t<\/div>\n\t\t<\/div>\n\t\t\t\t<div class=\"elementor-column elementor-col-33 elementor-inner-column elementor-element elementor-element-db63e62\" data-id=\"db63e62\" data-element_type=\"column\" data-e-type=\"column\">\n\t\t\t<div class=\"elementor-widget-wrap elementor-element-populated\">\n\t\t\t\t\t\t<div class=\"elementor-element elementor-element-9095a79 elementor-widget elementor-widget-text-editor\" data-id=\"9095a79\" data-element_type=\"widget\" data-e-type=\"widget\" data-widget_type=\"text-editor.default\">\n\t\t\t\t<div class=\"elementor-widget-container\">\n\t\t\t\t\t\t\t\t\t<h5><em>Wundervolle Zeit<\/em><\/h5><p>Wir hatten eine wundervolle Zeit in Ihrer Villa.\u00a0\u00a0<\/p><p>Mein 5-j\u00e4hriger Sohn liebte den Pool. Er blieb auch bei schlechtem Wetter im Pool. Leider war das Wetter das einzig schlechte an unserem Urlaub. Wir erwischten 3 Tage bew\u00f6lktes und sehr windiges Wetter.<\/p><p>Ihre Villa ist sehr sch\u00f6n, die Aussicht ist atemberaubend, tolles, komfortables Wohnzimmer. Ich liebte den Garten mit den vielen B\u00e4umen. Wir haben sie sogar gegossen.<\/p><p>\u2026.<\/p><p>Danke sch\u00f6n,<\/p><p>Szilard<br \/>Ungarn<br \/>August 2023<\/p>\t\t\t\t\t\t\t\t<\/div>\n\t\t\t\t<\/div>\n\t\t\t\t\t<\/div>\n\t\t<\/div>\n\t\t\t\t\t<\/div>\n\t\t<\/section>\n\t\t\t\t<section class=\"elementor-section elementor-inner-section elementor-element elementor-element-4515304 elementor-section-boxed elementor-section-height-default elementor-section-height-default\" data-id=\"4515304\" data-element_type=\"section\" data-e-type=\"section\" data-settings=\"{&quot;jet_parallax_layout_list&quot;:[]}\">\n\t\t\t\t\t\t<div class=\"elementor-container elementor-column-gap-default\">\n\t\t\t\t\t<div class=\"elementor-column elementor-col-33 elementor-inner-column elementor-element elementor-element-370ea06\" data-id=\"370ea06\" data-element_type=\"column\" data-e-type=\"column\">\n\t\t\t<div class=\"elementor-widget-wrap elementor-element-populated\">\n\t\t\t\t\t\t<div class=\"elementor-element elementor-element-f7ccd30 elementor-widget elementor-widget-text-editor\" data-id=\"f7ccd30\" data-element_type=\"widget\" data-e-type=\"widget\" data-widget_type=\"text-editor.default\">\n\t\t\t\t<div class=\"elementor-widget-container\">\n\t\t\t\t\t\t\t\t\t<h5 style=\"font-family: 'Open Sans', sans-serif; color: #7a7a7a;\"><em>Wunderbare Villa<\/em><\/h5><p>Eine weitere fantastische Woche in dieser wunderbaren Villa! Dies ist unser dritter Besuch und hoffentlich nicht der letzte. Es erf\u00fcllt wirklich alle unsere Anforderungen. Die Lage ist fantastisch, fantastische Aussicht \u00fcber das Meer und hinunter zum kleinen Hafen von Loutraki, verschiedene Terrassen, sodass Sie es warm oder k\u00fchl haben k\u00f6nnen, und eine aufregende Fahrt die Stra\u00dfe hinunter. Wir lieben auch die alten Olivenb\u00e4ume. Sch\u00f6ne Spazierg\u00e4nge direkt von der T\u00fcr aus und das kleine Dorf Glossa ist ein echtes Juwel, unber\u00fchrt vom Tourismus. Sch\u00f6ner Swimmingpool und sehr gut ausgestattetes Haus mit allem, was Sie brauchen. \u2026<\/p><p>Freude R.<br \/>September 2022<\/p>\t\t\t\t\t\t\t\t<\/div>\n\t\t\t\t<\/div>\n\t\t\t\t\t<\/div>\n\t\t<\/div>\n\t\t\t\t<div class=\"elementor-column elementor-col-33 elementor-inner-column elementor-element elementor-element-f28dbe6\" data-id=\"f28dbe6\" data-element_type=\"column\" data-e-type=\"column\">\n\t\t\t<div class=\"elementor-widget-wrap elementor-element-populated\">\n\t\t\t\t\t\t<div class=\"elementor-element elementor-element-c3b4f38 elementor-widget elementor-widget-text-editor\" data-id=\"c3b4f38\" data-element_type=\"widget\" data-e-type=\"widget\" data-widget_type=\"text-editor.default\">\n\t\t\t\t<div class=\"elementor-widget-container\">\n\t\t\t\t\t\t\t\t\t<h5 style=\"font-family: 'Open Sans', sans-serif; color: #7a7a7a;\"><em>Fantastischer Urlaub<\/em><\/h5><p>Vielen Dank f\u00fcr einen fantastischen Urlaub. Wir haben unsere Zeit in Ihrem wundervollen Zuhause sehr genossen und die wundersch\u00f6ne Insel Skopelos erlebt.<\/p><p>Wir werden die sch\u00f6ne Aussicht, die sp\u00e4ten Abendessen auf der Veranda, den Sonnenuntergang und die Magie unserer Kinder beim Plantschen im Pool sehr vermissen!<\/p><p>Wir hatten wirklich eine fantastische Zeit.<\/p><p>Danke noch einmal,<\/p><p>Lisa W.<br \/>August 2022<\/p>\t\t\t\t\t\t\t\t<\/div>\n\t\t\t\t<\/div>\n\t\t\t\t\t<\/div>\n\t\t<\/div>\n\t\t\t\t<div class=\"elementor-column elementor-col-33 elementor-inner-column elementor-element elementor-element-98f46b5\" data-id=\"98f46b5\" data-element_type=\"column\" data-e-type=\"column\">\n\t\t\t<div class=\"elementor-widget-wrap elementor-element-populated\">\n\t\t\t\t\t\t<div class=\"elementor-element elementor-element-749fcc5 elementor-widget elementor-widget-text-editor\" data-id=\"749fcc5\" data-element_type=\"widget\" data-e-type=\"widget\" data-widget_type=\"text-editor.default\">\n\t\t\t\t<div class=\"elementor-widget-container\">\n\t\t\t\t\t\t\t\t\t<h5 style=\"font-family: 'Open Sans', sans-serif; color: #7a7a7a;\"><em>Hervorragend<\/em><\/h5><p>Sch\u00f6ne Villa Panorama qui port bien son nom.<\/p><p>Wir sind eine sechsk\u00f6pfige Familie aus Frankreich. Dieser Ort ist riesig und die Panoramen grandios. Diese Insel sieht aus wie ein Paradies! Wir genie\u00dfen es wirklich, hier zu bleiben. Anthoula ist so nett und hilft uns, ein Auto zu finden (der Weg verdient in unserem Fall ein Like).<\/p><p>Wir w\u00fcnschen Ihnen hier viel Erfolg. Du verdienst es.<\/p><p>Isabelle und Christian A.<br \/>Juli 2022<\/p>\t\t\t\t\t\t\t\t<\/div>\n\t\t\t\t<\/div>\n\t\t\t\t\t<\/div>\n\t\t<\/div>\n\t\t\t\t\t<\/div>\n\t\t<\/section>\n\t\t\t\t\t<\/div>\n\t\t<\/div>\n\t\t\t\t\t<\/div>\n\t\t<\/section>\n\t\t\t\t<\/div>","protected":false},"excerpt":{"rendered":"<p>Visitor Book Archive Bellissima esperienza!! Villa Panorama ci ha regalato dei bellissimi momenti che posteremo con noi e nei nostri riordi per sempre! Bellissima esperienza!! Irene &amp; EdoardoItaliaJuly 2024 Wonderful Holiday We have had a wonderful holiday in this beautiful villa.\u00a0 Thank you for allowing us to stay.\u00a0 The views are just incredible and the [&hellip;]<\/p>\n","protected":false},"author":1,"featured_media":0,"parent":0,"menu_order":0,"comment_status":"closed","ping_status":"closed","template":"","meta":{"footnotes":""},"class_list":["post-2277","page","type-page","status-publish","hentry"],"_links":{"self":[{"href":"https:\/\/www.villa-panorama-skopelos.com\/de\/wp-json\/wp\/v2\/pages\/2277","targetHints":{"allow":["GET"]}}],"collection":[{"href":"https:\/\/www.villa-panorama-skopelos.com\/de\/wp-json\/wp\/v2\/pages"}],"about":[{"href":"https:\/\/www.villa-panorama-skopelos.com\/de\/wp-json\/wp\/v2\/types\/page"}],"author":[{"embeddable":true,"href":"https:\/\/www.villa-panorama-skopelos.com\/de\/wp-json\/wp\/v2\/users\/1"}],"replies":[{"embeddable":true,"href":"https:\/\/www.villa-panorama-skopelos.com\/de\/wp-json\/wp\/v2\/comments?post=2277"}],"version-history":[{"count":5,"href":"https:\/\/www.villa-panorama-skopelos.com\/de\/wp-json\/wp\/v2\/pages\/2277\/revisions"}],"predecessor-version":[{"id":2850,"href":"https:\/\/www.villa-panorama-skopelos.com\/de\/wp-json\/wp\/v2\/pages\/2277\/revisions\/2850"}],"wp:attachment":[{"href":"https:\/\/www.villa-panorama-skopelos.com\/de\/wp-json\/wp\/v2\/media?parent=2277"}],"curies":[{"name":"wp","href":"https:\/\/api.w.org\/{rel}","templated":true}]}}