{"id":606,"date":"2021-11-13T08:09:53","date_gmt":"2021-11-13T08:09:53","guid":{"rendered":"https:\/\/www.villa-panorama-skopelos.com\/?page_id=606"},"modified":"2026-03-07T09:53:41","modified_gmt":"2026-03-07T09:53:41","slug":"getting-here","status":"publish","type":"page","link":"https:\/\/www.villa-panorama-skopelos.com\/de\/getting-here\/","title":{"rendered":"Hier her kommen"},"content":{"rendered":"<div data-elementor-type=\"wp-page\" data-elementor-id=\"606\" class=\"elementor elementor-606\" data-elementor-post-type=\"page\">\n\t\t\t\t\t\t<section class=\"elementor-section elementor-top-section elementor-element elementor-element-ec03e56 elementor-section-boxed elementor-section-height-default elementor-section-height-default\" data-id=\"ec03e56\" data-element_type=\"section\" data-e-type=\"section\" data-settings=\"{&quot;jet_parallax_layout_list&quot;:[]}\">\n\t\t\t\t\t\t<div class=\"elementor-container elementor-column-gap-default\">\n\t\t\t\t\t<div class=\"elementor-column elementor-col-100 elementor-top-column elementor-element elementor-element-e75b537\" data-id=\"e75b537\" data-element_type=\"column\" data-e-type=\"column\">\n\t\t\t<div class=\"elementor-widget-wrap elementor-element-populated\">\n\t\t\t\t\t\t<div class=\"elementor-element elementor-element-5576721 elementor-widget elementor-widget-image\" data-id=\"5576721\" data-element_type=\"widget\" data-e-type=\"widget\" data-widget_type=\"image.default\">\n\t\t\t\t<div class=\"elementor-widget-container\">\n\t\t\t\t\t\t\t\t\t\t\t\t\t\t\t<img fetchpriority=\"high\" decoding=\"async\" width=\"2560\" height=\"1920\" src=\"https:\/\/www.villa-panorama-skopelos.com\/wp-content\/uploads\/2024\/10\/proteus_arriving_loutraki_tinyjpg-scaled.jpeg\" class=\"attachment-full size-full wp-image-2382\" alt=\"Proteus arriving Loutraki\" srcset=\"https:\/\/www.villa-panorama-skopelos.com\/wp-content\/uploads\/2024\/10\/proteus_arriving_loutraki_tinyjpg-scaled.jpeg 2560w, https:\/\/www.villa-panorama-skopelos.com\/wp-content\/uploads\/2024\/10\/proteus_arriving_loutraki_tinyjpg-300x225.jpeg 300w, https:\/\/www.villa-panorama-skopelos.com\/wp-content\/uploads\/2024\/10\/proteus_arriving_loutraki_tinyjpg-1024x768.jpeg 1024w, https:\/\/www.villa-panorama-skopelos.com\/wp-content\/uploads\/2024\/10\/proteus_arriving_loutraki_tinyjpg-768x576.jpeg 768w, https:\/\/www.villa-panorama-skopelos.com\/wp-content\/uploads\/2024\/10\/proteus_arriving_loutraki_tinyjpg-1536x1152.jpeg 1536w, https:\/\/www.villa-panorama-skopelos.com\/wp-content\/uploads\/2024\/10\/proteus_arriving_loutraki_tinyjpg-2048x1536.jpeg 2048w, https:\/\/www.villa-panorama-skopelos.com\/wp-content\/uploads\/2024\/10\/proteus_arriving_loutraki_tinyjpg-16x12.jpeg 16w\" sizes=\"(max-width: 2560px) 100vw, 2560px\" \/>\t\t\t\t\t\t\t\t\t\t\t\t\t\t\t<\/div>\n\t\t\t\t<\/div>\n\t\t\t\t<section class=\"elementor-section elementor-inner-section elementor-element elementor-element-0fd47ba elementor-section-boxed elementor-section-height-default elementor-section-height-default\" data-id=\"0fd47ba\" data-element_type=\"section\" data-e-type=\"section\" data-settings=\"{&quot;jet_parallax_layout_list&quot;:[]}\">\n\t\t\t\t\t\t<div class=\"elementor-container elementor-column-gap-default\">\n\t\t\t\t\t<div class=\"elementor-column elementor-col-50 elementor-inner-column elementor-element elementor-element-1f51411\" data-id=\"1f51411\" data-element_type=\"column\" data-e-type=\"column\">\n\t\t\t<div class=\"elementor-widget-wrap elementor-element-populated\">\n\t\t\t\t\t\t<div class=\"elementor-element elementor-element-10e3b9b elementor-widget__width-initial elementor-widget elementor-widget-text-editor\" data-id=\"10e3b9b\" data-element_type=\"widget\" data-e-type=\"widget\" data-widget_type=\"text-editor.default\">\n\t\t\t\t<div class=\"elementor-widget-container\">\n\t\t\t\t\t\t\t\t\t<h1>Hier her kommen\u00a0<\/h1>\t\t\t\t\t\t\t\t<\/div>\n\t\t\t\t<\/div>\n\t\t\t\t\t<\/div>\n\t\t<\/div>\n\t\t\t\t<div class=\"elementor-column elementor-col-50 elementor-inner-column elementor-element elementor-element-3f45828\" data-id=\"3f45828\" data-element_type=\"column\" data-e-type=\"column\">\n\t\t\t<div class=\"elementor-widget-wrap elementor-element-populated\">\n\t\t\t\t\t\t<div class=\"elementor-element elementor-element-83be07a elementor-widget__width-initial elementor-widget elementor-widget-text-editor\" data-id=\"83be07a\" data-element_type=\"widget\" data-e-type=\"widget\" data-widget_type=\"text-editor.default\">\n\t\t\t\t<div class=\"elementor-widget-container\">\n\t\t\t\t\t\t\t\t\t<p><span style=\"color: var( --e-global-color-text ); font-family: var( --e-global-typography-text-font-family ), Sans-serif; font-weight: var( --e-global-typography-text-font-weight ); font-size: 1rem;\">(Stand: Oktober 2024)<\/span><\/p>\t\t\t\t\t\t\t\t<\/div>\n\t\t\t\t<\/div>\n\t\t\t\t\t<\/div>\n\t\t<\/div>\n\t\t\t\t\t<\/div>\n\t\t<\/section>\n\t\t\t\t<div class=\"elementor-element elementor-element-5e687e6 elementor-widget elementor-widget-text-editor\" data-id=\"5e687e6\" data-element_type=\"widget\" data-e-type=\"widget\" data-widget_type=\"text-editor.default\">\n\t\t\t\t<div class=\"elementor-widget-container\">\n\t\t\t\t\t\t\t\t\t<p>Die Anreise nach Skopelos ist nicht immer einfach \u2013 <em>aber es ist es wert<\/em>!<\/p><p>Die Reise ist wirklich Teil des Abenteuers und des Charmes eines Urlaubs auf Skopelos. Sie kann Teil Ihres Urlaubs sein und eine wunderbare Gelegenheit, Griechenland an einem anderen Ort kennenzulernen, bevor Sie auf Skopelos ankommen.<\/p><p><strong>Allgemeine Informationen:<\/strong><\/p><p>Die Wahl der besten Reiseroute h\u00e4ngt von der Jahreszeit, Ihrem Zeitplan und Ihren pers\u00f6nlichen Vorlieben ab.<\/p><p>Nachfolgend finden Sie Informationen, die Ihnen bei der Planung Ihrer Reise helfen k\u00f6nnen. Siehe auch <a href=\"http:\/\/www.skopelos.com\">www.skopelos.com<\/a> oder <a href=\"http:\/\/www.skopelos.gr\">www.skopelos.gr<\/a>\u00a0 f\u00fcr weitere Informationen.<\/p><p>Und wenn Sie dar\u00fcber hinaus noch detailliertere Informationen ben\u00f6tigen, nehmen Sie bitte Kontakt mit uns auf.<\/p>\t\t\t\t\t\t\t\t<\/div>\n\t\t\t\t<\/div>\n\t\t\t\t<section class=\"elementor-section elementor-inner-section elementor-element elementor-element-dd6edbb elementor-section-boxed elementor-section-height-default elementor-section-height-default\" data-id=\"dd6edbb\" data-element_type=\"section\" data-e-type=\"section\" data-settings=\"{&quot;jet_parallax_layout_list&quot;:[]}\">\n\t\t\t\t\t\t<div class=\"elementor-container elementor-column-gap-default\">\n\t\t\t\t\t<div class=\"elementor-column elementor-col-50 elementor-inner-column elementor-element elementor-element-62a27e3\" data-id=\"62a27e3\" data-element_type=\"column\" data-e-type=\"column\">\n\t\t\t<div class=\"elementor-widget-wrap elementor-element-populated\">\n\t\t\t\t\t\t<div class=\"elementor-element elementor-element-1712b98 elementor-widget__width-initial elementor-widget elementor-widget-image\" data-id=\"1712b98\" data-element_type=\"widget\" data-e-type=\"widget\" data-widget_type=\"image.default\">\n\t\t\t\t<div class=\"elementor-widget-container\">\n\t\t\t\t\t\t\t\t\t\t\t\t\t\t\t<img decoding=\"async\" width=\"800\" height=\"724\" src=\"https:\/\/www.villa-panorama-skopelos.com\/wp-content\/uploads\/2024\/10\/travel_map_light_green_v04_tinyjpg-1024x927.jpg\" class=\"attachment-large size-large wp-image-2430\" alt=\"Travel Map\" srcset=\"https:\/\/www.villa-panorama-skopelos.com\/wp-content\/uploads\/2024\/10\/travel_map_light_green_v04_tinyjpg-1024x927.jpg 1024w, https:\/\/www.villa-panorama-skopelos.com\/wp-content\/uploads\/2024\/10\/travel_map_light_green_v04_tinyjpg-300x272.jpg 300w, https:\/\/www.villa-panorama-skopelos.com\/wp-content\/uploads\/2024\/10\/travel_map_light_green_v04_tinyjpg-768x696.jpg 768w, https:\/\/www.villa-panorama-skopelos.com\/wp-content\/uploads\/2024\/10\/travel_map_light_green_v04_tinyjpg-1536x1391.jpg 1536w, https:\/\/www.villa-panorama-skopelos.com\/wp-content\/uploads\/2024\/10\/travel_map_light_green_v04_tinyjpg-2048x1855.jpg 2048w, https:\/\/www.villa-panorama-skopelos.com\/wp-content\/uploads\/2024\/10\/travel_map_light_green_v04_tinyjpg-13x12.jpg 13w\" sizes=\"(max-width: 800px) 100vw, 800px\" \/>\t\t\t\t\t\t\t\t\t\t\t\t\t\t\t<\/div>\n\t\t\t\t<\/div>\n\t\t\t\t\t<\/div>\n\t\t<\/div>\n\t\t\t\t<div class=\"elementor-column elementor-col-50 elementor-inner-column elementor-element elementor-element-63cbdca\" data-id=\"63cbdca\" data-element_type=\"column\" data-e-type=\"column\">\n\t\t\t<div class=\"elementor-widget-wrap elementor-element-populated\">\n\t\t\t\t\t\t<div class=\"elementor-element elementor-element-8a5c5e4 elementor-widget elementor-widget-image\" data-id=\"8a5c5e4\" data-element_type=\"widget\" data-e-type=\"widget\" data-widget_type=\"image.default\">\n\t\t\t\t<div class=\"elementor-widget-container\">\n\t\t\t\t\t\t\t\t\t\t\t\t\t\t\t<img decoding=\"async\" width=\"800\" height=\"724\" src=\"https:\/\/www.villa-panorama-skopelos.com\/wp-content\/uploads\/2024\/10\/skopelos_map_green_04_tinyjpg.jpg\" class=\"attachment-large size-large wp-image-2434\" alt=\"Skopelos Getting Here\" srcset=\"https:\/\/www.villa-panorama-skopelos.com\/wp-content\/uploads\/2024\/10\/skopelos_map_green_04_tinyjpg.jpg 858w, https:\/\/www.villa-panorama-skopelos.com\/wp-content\/uploads\/2024\/10\/skopelos_map_green_04_tinyjpg-300x271.jpg 300w, https:\/\/www.villa-panorama-skopelos.com\/wp-content\/uploads\/2024\/10\/skopelos_map_green_04_tinyjpg-768x695.jpg 768w, https:\/\/www.villa-panorama-skopelos.com\/wp-content\/uploads\/2024\/10\/skopelos_map_green_04_tinyjpg-13x12.jpg 13w\" sizes=\"(max-width: 800px) 100vw, 800px\" \/>\t\t\t\t\t\t\t\t\t\t\t\t\t\t\t<\/div>\n\t\t\t\t<\/div>\n\t\t\t\t\t<\/div>\n\t\t<\/div>\n\t\t\t\t\t<\/div>\n\t\t<\/section>\n\t\t\t\t<div class=\"elementor-element elementor-element-3662b01 elementor-widget elementor-widget-text-editor\" data-id=\"3662b01\" data-element_type=\"widget\" data-e-type=\"widget\" data-widget_type=\"text-editor.default\">\n\t\t\t\t<div class=\"elementor-widget-container\">\n\t\t\t\t\t\t\t\t\t<p><strong>W\u00e4hrend der Hochsaison<\/strong> Die bequemste Anreisem\u00f6glichkeit nach Skopelos ist mit dem Flugzeug zum Flughafen der Nachbarinsel Skiathos. Alternativ bietet sich der Flughafen Volos auf dem Festland an. Vom Flughafen Volos zum Hafen von Volos oder vom Flughafen Skiathos zum Hafen von Skiathos gelangt man am einfachsten mit dem Taxi. Vom Hafen von Volos aus k\u00f6nnen Sie mit der F\u00e4hre nach Skopelos \u00fcbersetzen. Vom Hafen von Skiathos aus k\u00f6nnen Sie entweder mit der F\u00e4hre oder einem Wassertaxi nach Skopelos fahren. In der Hochsaison besteht auch die M\u00f6glichkeit, morgens eine Schnellf\u00e4hre von Thessaloniki nach Skopelos zu nehmen.<\/p>\n<p><strong>Au\u00dferhalb der Saison oder wenn Sie flexibler sind<\/strong> Es besteht auch die M\u00f6glichkeit, \u00fcber Athen oder Thessaloniki anzureisen. Von beiden St\u00e4dten aus k\u00f6nnen Sie mit dem Bus oder Taxi zu den H\u00e4fen Volos, Mantoudi (Evia) oder Agios Konstantinos fahren und von dort mit der F\u00e4hre oder dem Wassertaxi weiterreisen.&nbsp;&nbsp;<\/p>\n<p>Die Fahrpl\u00e4ne von F\u00e4hren und Fluggesellschaften variieren das ganze Jahr \u00fcber stark zwischen Neben-, Mittel- und Hochsaison und je nach Unternehmen. Die Fahrpl\u00e4ne der F\u00e4hren k\u00f6nnen sich von einer Saison zur n\u00e4chsten \u00e4ndern und werden oft erst sp\u00e4t in der Saison ver\u00f6ffentlicht, was es schwierig machen kann, wenn Sie Ihre Reise im Voraus planen m\u00f6chten.<\/p>\n<p>Falls der F\u00e4hrplan nicht mit Ihrem Flugplan \u00fcbereinstimmt, besteht die M\u00f6glichkeit, (bei gutem Wetter) ein Wassertaxi von den Inseln Evia oder Skiathos nach Skopelos zu nehmen.<\/p>\n<p>Au\u00dferhalb der Saison oder bei vorhergesagtem schlechtem Wetter kann es notwendig sein oder empfohlen werden, eine \u00dcbernachtung einzuplanen, um Ihren Flugplan zu gew\u00e4hrleisten.<\/p>\n<p><strong>Anreise mit dem eigenen Auto: <\/strong>Reisende, die lieber mit dem eigenen Auto anreisen, k\u00f6nnen eine F\u00e4hre \u00fcber Italien nehmen. Eine weitere M\u00f6glichkeit ist die Anfahrt \u00fcber Zagreb\/Belgrad, \u00fcber Budapest\/Belgrad oder \u00fcber Kroatien und Albanien.<\/p>\n<p><strong>Egal wo Ihre Reise beginnt<\/strong>Sie erreichen Skopelos schlie\u00dflich mit dem Boot \u2013 entweder mit der F\u00e4hre oder mit einem Wassertaxi. Es gibt drei H\u00e4fen mit F\u00e4hrverbindungen: Glossa (Loutraki), Agnontas und den Haupthafen von Skopelos-Stadt. Die Wassertaxis verkehren normalerweise von Glossa (Loutraki). Geben Sie beim Kauf eines F\u00e4hrtickets unbedingt an <em>und denken Sie daran, auszusteigen<\/em> an Ihrem Zielhafen!<\/p>\n<p>Glossa (Loutraki) ist der bequemste Hafen zur Villa Panorama. Von dort aus sind es nur 15 Minuten mit dem Auto zum Haus. Die Fahrt von Skopelos oder Agnontas zur Villa Panorama dauert etwa 30\u201340 Minuten.<\/p>\n<p>Wenn Sie ein Auto mieten, wird Ihnen das Auto an Ihrem Ankunftshafen geliefert und Sie werden von einem Mitarbeiter des Unternehmens abgeholt, um den Papierkram zu erledigen.<\/p>\n<p>Alternativen zum Privatwagen sind ein Taxi oder der \u00f6rtliche Busservice.<\/p>\n<h4><strong>Fl\u00fcge<\/strong><\/h4>\n<p class=\"MsoNormal\">W\u00e4hrend der Saison (ca. Anfang Mai bis Ende Oktober) fliegen wir nach Skiathos oder Volos.<\/p>\n<p class=\"MsoNormal\">Fl\u00fcge au\u00dferhalb der Saison nach Athen oder Thessaloniki<\/p>\n<p class=\"MsoNormal\">Eine hervorragende Ressource zum saisonalen Flugplan nach Skiathos finden Sie auf der Website des Flughafens Skiathos im Abschnitt \u201eReiseziele\u201c.<\/p>\n<p>Hier ist der Link:&nbsp;<\/p>\n<p><a href=\"https:\/\/www.jsi-airport.gr\/en\/flights--more\/flights--destinations\/destinations\/destinations\/\">https:\/\/www.jsi-airport.gr\/en\/flights&#8211;more\/flights&#8211;destinations\/destinations\/destinations\/<\/a>&nbsp;<\/p>\n<p>Falls die Saisonpl\u00e4ne noch nicht ver\u00f6ffentlicht sind, finden Sie unten eine Kopie vom 18. Mai 2025 als Referenz.<\/p>\n<p>Es gibt keine Garantie daf\u00fcr, dass der neue Zeitplan derselbe sein wird, aber diese Informationen k\u00f6nnen als allgemeine Richtlinie f\u00fcr das, was im Jahr 2025 verf\u00fcgbar war, n\u00fctzlich sein.<\/p>\t\t\t\t\t\t\t\t<\/div>\n\t\t\t\t<\/div>\n\t\t\t\t<div class=\"elementor-element elementor-element-969b60e elementor-align-center elementor-widget elementor-widget-embedpres_document\" data-id=\"969b60e\" data-element_type=\"widget\" data-e-type=\"widget\" data-widget_type=\"embedpres_document.default\">\n\t\t\t\t<div class=\"elementor-widget-container\">\n\t\t\t\t\t\n        <div class=\"embedpress-document-embed ep-doc-f09345efcfaf9f69e58dc710db62bb33 ose-document\" style=\"width: 1000px; height: 750px; max-width:100%; display: inline-block\">\n\n                        <div >\n\n                <div id=\"ep-elementor-content-969b60e\" class=\"ep-elementor-content    ep-content-protection-disabled\">\n                    <div id=\"969b60e\" class=\"ep-embed-content-wraper\">\n                        <div class=\"embedpress-embed-document-pdf embedpress-pdf-969b60e\" data-emid=\"embedpress-pdf-969b60e\" data-embedpress-content=\"0ecdbb5054541d0ba7d2d7a2b4bc040e\" data-embed-type=\"Document\" data-emsrc=\"https:\/\/www.villa-panorama-skopelos.com\/wp-content\/uploads\/2025\/05\/flights_to_skiathos_20250518-1.pdf\"><iframe title=\"Fl\u00fcge nach Skiathos: 20250518\" allowfullscreen=\"true\" mozallowfullscreen=\"true\" webkitallowfullscreen=\"true\" style=\"width: 1000px; height: 750px; max-width:100%;\" src=\"https:\/\/www.villa-panorama-skopelos.com\/wp-content\/uploads\/2025\/05\/flights_to_skiathos_20250518-1.pdf\"><\/iframe><\/div>                    <\/div>\n                <\/div>\n                            <\/div>\n        <\/div>\n\n    \t\t\t\t<\/div>\n\t\t\t\t<\/div>\n\t\t\t\t<div class=\"elementor-element elementor-element-67709a2 elementor-widget elementor-widget-text-editor\" data-id=\"67709a2\" data-element_type=\"widget\" data-e-type=\"widget\" data-widget_type=\"text-editor.default\">\n\t\t\t\t<div class=\"elementor-widget-container\">\n\t\t\t\t\t\t\t\t\t<p><strong>Busverbindungen<\/strong><\/p><p>Die \u00dcberlandbusse sind komfortabel und klimatisiert. Sitzpl\u00e4tze k\u00f6nnen reserviert werden.<\/p><p><span style=\"text-decoration: underline;\">Thessaloniki \u2013 Volos<\/span> <br \/>Ungef\u00e4hr 18 Euro<br \/><a href=\"http:\/\/www.ktelvolou.gr\">www.ktelvolou.gr<\/a><\/p><p><span style=\"text-decoration: underline;\">Athen \u2013 Volos<\/span><br \/>Ungef\u00e4hr 27 Euro<br \/><a href=\"http:\/\/www.ktelvolou.gr\">www.ktelvolou.gr<\/a><\/p><p><span style=\"text-decoration: underline;\">Athen \u2013 Mantoudi (Kymassi)<br \/><\/span>Ungef\u00e4hr 14 Euro<br \/>Der Busfahrplan ist auf die F\u00e4hrverbindungen nach Skopelos abgestimmt!<br \/><a href=\"https:\/\/ktelevias.gr\/\">https:\/\/ktelevias.gr\/<\/a><\/p><p><span style=\"text-decoration: underline;\">Auf der Insel Skopelos<\/span>:<br \/>Loutraki\/Glossa-Skopelos-Stadt. An der Hauptstra\u00dfe, an der Kreuzung, befindet sich eine Bushaltestelle. Von dort sind es etwa 10 Minuten Fu\u00dfweg bergauf zur Villa Panorama. Der Busfahrplan ist eingeschr\u00e4nkt, und in der Hochsaison k\u00f6nnen die Busse \u00fcberf\u00fcllt sein.<\/p><p>Informationen zu den \u00f6rtlichen Inselbussen finden Sie\u00a0<a href=\"https:\/\/skopelos.com\/listings\/skopelos-buses\/\">Hier<\/a><\/p><p><em>Neuer Inselbusverkehr f\u00fcr 2025<\/em>:\u00a0\u00a0<a href=\"https:\/\/skopelostransports.gr\/en\/\">Details hier<\/a><\/p><p><strong>F\u00e4hrverbindungen<\/strong><\/p><p>Italien (z. B. Ancona) \u2013 Igoumenitsa, Italien (z. B. Ancona) \u2013 Patras<\/p><p>Volos-Skiathos-Skopelos-Alonnisos<\/p><p>(Eub\u00f6a)Mantoudi-Skiathos-Skopelos<\/p><p>Agios Kostantinos-Skopelos (nach Saison pr\u00fcfen)<\/p><p>Thessaloniki-Skiathos-Skopelos-Alonnisos<\/p><p>Eine gute Website zur \u00dcberwachung der F\u00e4hrpl\u00e4ne ist <a href=\"http:\/\/www.openseas.gr\">www.openseas.gr<\/a><\/p><p><strong>Sporadenlinien (saisonal)<\/strong><\/p><p>Im Besitz von Herrn Giannis Karvelis, betreibt das Passagierschiff Petroula in Skopelos. Es ist ein<br \/>lokale Initiative zur Bereitstellung von Verbindungen vom Flughafen Skiathos nach Skopelos. F\u00fcr<br \/>2025, das Schiff f\u00e4hrt vom 12. Mai bis 12. Oktober. Routen \/ Fahrpl\u00e4ne \/ Preise finden Sie auf<br \/>die Website:<strong><br \/><\/strong><\/p><p><a href=\"https:\/\/skopelos.com\/listings\/petroula-boat\/\" target=\"_blank\" rel=\"noopener\">Petroula-Seebus<\/a><\/p><p><strong>Mantoudi Lines (saisonal)<\/strong><\/p><p>Diese F\u00e4hrlinie bedient seit Juli 2025 Skopelos. Die F\u00e4hre hat zwei Routen:<\/p><p>(1) Mantoudi (Evia) \u2013 Agnontas (Skopelos) .- Alonnisos und zur\u00fcck.<\/p><p>(2) Mantoudi (Eub\u00f6a) \u2013 Skiathos \u2013 Glossa (Skopelos) und zur\u00fcck.<\/p><p>Die neuesten Details finden Sie auf der Website:\u00a0\u00a0<a href=\"https:\/\/mantoudilines.gr\/\">mantoudilines.gr<\/a><\/p><p><strong>Wassertaxi (ganzj\u00e4hrig)<\/strong><\/p><p>Wassertaxis sind kleinere Boote (max. 8\u201315 Personen). F\u00fcr eine Fahrt zwischen Skiathos und Glossa kostet es derzeit etwa 120\u2013200 Euro, geteilt durch die Anzahl der Passagiere. F\u00fcr eine Fahrt zwischen Evia und Skopelos betr\u00e4gt die Geb\u00fchr etwa 270\u2013300 Euro.\u00a0<\/p><p><a href=\"https:\/\/skiathoswatertaxi.gr\/\" target=\"_blank\" rel=\"noopener\">Skiathos Wassertaxi<\/a><\/p><p><strong>Wassertaxi (saisonal)<\/strong><\/p><p><a href=\"https:\/\/skiathossea-taxi.gr\/\" target=\"_blank\" rel=\"noopener\">Jason Sea Taxi<\/a><\/p><p><a href=\"http:\/\/www.seacab.gr\">SeaCab<\/a><\/p><p><strong>Taxidienste<\/strong><\/p><p><a href=\"http:\/\/www.citytransfer.gr\">www.citytransfer.gr<\/a> (Athen Flughafen-Mantoudi) ca. 165 Euro<\/p><p><a href=\"http:\/\/www.taxithess.gr\">www.taxithess.gr<\/a> (Transfer von Thessaloniki)<\/p><p><a href=\"http:\/\/www.volostaxiservice.com\">www.volostaxist.com<\/a> (Athen-Volos ca. 270 Euro\/Thessaloniki-Volos ca. 200 Euro)<\/p><p>Rania Taxiservice auf der Insel Skopelos (+30) 6979777830, 6979031303, 2424033133<\/p><p>Gegen ein angemessenes Entgelt k\u00f6nnen Sie sich auf der Insel mit einem Taxi fortbewegen.<\/p><p><strong>Ein Auto mieten<\/strong><\/p><p><a href=\"http:\/\/www.magiccars.gr\">www.magiccars.gr<\/a>\u00a0 auf der Insel Skopelos<\/p><p>Wir empfehlen Ihnen dringend, ein Fahrzeug zu mieten, um so flexibel wie m\u00f6glich zu sein und Ihren Aufenthalt auf der Insel optimal zu nutzen. Ein 4\u00d74-Fahrzeug (sofern verf\u00fcgbar) bietet zus\u00e4tzlichen Komfort auf einigen der steilen und unbefestigten Stra\u00dfen der Insel.<\/p>\t\t\t\t\t\t\t\t<\/div>\n\t\t\t\t<\/div>\n\t\t\t\t\t<\/div>\n\t\t<\/div>\n\t\t\t\t\t<\/div>\n\t\t<\/section>\n\t\t\t\t<\/div>","protected":false},"excerpt":{"rendered":"<p>Getting Here\u00a0 (as of October 2024) Getting to Skopelos is not always easy &#8211; but it is worth it! The journey is truly part of the adventure and charm of a holiday on Skopelos. It can be part of your holiday and a wonderful opportunity to experience Greece in another location before arriving on Skopelos. [&hellip;]<\/p>\n","protected":false},"author":1,"featured_media":0,"parent":0,"menu_order":0,"comment_status":"closed","ping_status":"closed","template":"","meta":{"footnotes":""},"class_list":["post-606","page","type-page","status-publish","hentry"],"_links":{"self":[{"href":"https:\/\/www.villa-panorama-skopelos.com\/de\/wp-json\/wp\/v2\/pages\/606","targetHints":{"allow":["GET"]}}],"collection":[{"href":"https:\/\/www.villa-panorama-skopelos.com\/de\/wp-json\/wp\/v2\/pages"}],"about":[{"href":"https:\/\/www.villa-panorama-skopelos.com\/de\/wp-json\/wp\/v2\/types\/page"}],"author":[{"embeddable":true,"href":"https:\/\/www.villa-panorama-skopelos.com\/de\/wp-json\/wp\/v2\/users\/1"}],"replies":[{"embeddable":true,"href":"https:\/\/www.villa-panorama-skopelos.com\/de\/wp-json\/wp\/v2\/comments?post=606"}],"version-history":[{"count":5,"href":"https:\/\/www.villa-panorama-skopelos.com\/de\/wp-json\/wp\/v2\/pages\/606\/revisions"}],"predecessor-version":[{"id":2871,"href":"https:\/\/www.villa-panorama-skopelos.com\/de\/wp-json\/wp\/v2\/pages\/606\/revisions\/2871"}],"wp:attachment":[{"href":"https:\/\/www.villa-panorama-skopelos.com\/de\/wp-json\/wp\/v2\/media?parent=606"}],"curies":[{"name":"wp","href":"https:\/\/api.w.org\/{rel}","templated":true}]}}